{"id":8211,"date":"2022-02-18T10:54:23","date_gmt":"2022-02-18T08:54:23","guid":{"rendered":"http:\/\/dpsolutions.es\/?page_id=8211"},"modified":"2022-02-18T10:54:27","modified_gmt":"2022-02-18T08:54:27","slug":"politica-de-cookies","status":"publish","type":"page","link":"https:\/\/dpsolutions.es\/en\/politica-de-cookies\/","title":{"rendered":"Pol\u00edtica de cookies"},"content":{"rendered":"<p>Las cookies son fragmentos de informaci\u00f3n que se almacenan en el navegador utilizado por cada usuario para que el servidor recuerde informaci\u00f3n para su uso posterior. Esta informaci\u00f3n permite identificarle como un usuario concreto y guardar sus preferencias personales, as\u00ed como informaci\u00f3n t\u00e9cnica como puedan ser visitas o p\u00e1ginas concretas que visite. Aquellos usuarios que no deseen recibir cookies o quieran ser informados antes de que se almacenen en su ordenador, pueden configurarlo en su navegador.<\/p>\n\n\n\n<p>Las cookies que utilizamos no almacenan datos personales ni otro tipo de informaci\u00f3n que pueda identificarle. Las cookies sirven para mejorar los servicios que ofrecemos. Algunas son estrictamente necesarias para que la p\u00e1gina funcione bien y otras sirven para mejorar el rendimiento y proporcionar al usuario una mejor experiencia de navegaci\u00f3n.<\/p>\n\n\n\n<p><strong>A continuaci\u00f3n, se realiza una clasificaci\u00f3n de las cookies:<\/strong><\/p>\n\n\n\n<ul class=\"wp-block-list\"><li>Cookies propias: Son aqu\u00e9llas que se env\u00edan al equipo del usuario desde un equipo o dominio gestionado por el propio editor y desde el que se presta el servicio solicitado.<\/li><li>Cookies de terceros: Son aqu\u00e9llas que se env\u00edan al equipo del usuario desde un equipo o dominio que no es gestionado por el editor, sino por otra entidad que trata los datos obtenidos trav\u00e9s de las cookies.<\/li><\/ul>\n\n\n\n<p><strong>Tipos de cookies seg\u00fan el plazo de tiempo que permanecen activadas:<\/strong><\/p>\n\n\n\n<ul class=\"wp-block-list\"><li>Cookies de sesi\u00f3n: Son un tipo de cookies dise\u00f1adas para recabar y almacenar datos mientras el usuario accede a una p\u00e1gina web.<\/li><li>Cookies persistentes: Son un tipo de cookies en el que los datos siguen almacenados en el terminal y pueden ser accedidos y tratados durante un periodo definido por el responsable de la cookie, y que puede ir de unos minutos a varios a\u00f1os.<\/li><\/ul>\n\n\n\n<p><strong>Tipos de cookies seg\u00fan su finalidad:<\/strong><\/p>\n\n\n\n<ul class=\"wp-block-list\"><li>Cookies t\u00e9cnicas: permiten al usuario la navegaci\u00f3n a trav\u00e9s de una p\u00e1gina web, plataforma o aplicaci\u00f3n y la utilizaci\u00f3n de las diferentes opciones que en ella existan (controlar el tr\u00e1fico y la comunicaci\u00f3n de datos, identificar la sesi\u00f3n, acceder a partes de acceso restringido, recordar los elementos que integran un pedido, realizar el proceso de compra de un pedido, realizar la solicitud de inscripci\u00f3n o participaci\u00f3n en un evento, utilizar elementos de seguridad durante la navegaci\u00f3n, almacenar contenidos para la difusi\u00f3n de videos o sonido o compartir contenidos a trav\u00e9s de redes sociales).<\/li><li>Cookies de personalizaci\u00f3n: Son aqu\u00e9llas que permiten al usuario acceder al servicio con algunas caracter\u00edsticas de car\u00e1cter general predefinidas en funci\u00f3n de una serie de criterios en el terminal del usuario como por ejemplo serian el idioma, el tipo de navegador a trav\u00e9s del cual accede al servicio, la configuraci\u00f3n regional desde donde accede al servicio, etc.<\/li><li>Cookies de an\u00e1lisis: Son aqu\u00e9llas que permiten al responsable de las mismas, el seguimiento y an\u00e1lisis del comportamiento de los usuarios de los sitios web a los que est\u00e1n vinculadas. La informaci\u00f3n recogida mediante este tipo de cookies se utiliza en la medici\u00f3n de la actividad de los sitios web, aplicaci\u00f3n o plataforma y para la elaboraci\u00f3n de perfiles de navegaci\u00f3n de los usuarios de dichos sitios, aplicaciones y plataformas, con el fin de introducir mejoras en funci\u00f3n del an\u00e1lisis de los datos de uso que hacen los usuarios del servicio.<\/li><li>Cookies publicitarias: Son aqu\u00e9llas que permiten la gesti\u00f3n, de la forma m\u00e1s eficaz posible, de los espacios publicitarios que, en su caso, el editor haya incluido en una p\u00e1gina web, aplicaci\u00f3n o plataforma desde la que presta el servicio solicitado en base a criterios como el contenido editado o la frecuencia en la que se muestran los anuncios.<\/li><li>Cookies de publicidad comportamental: Son aqu\u00e9llas que permiten la gesti\u00f3n, de la forma m\u00e1s eficaz posible, de los espacios publicitarios que, en su caso, el editor haya incluido en una p\u00e1gina web, aplicaci\u00f3n o plataforma desde la que presta el servicio solicitado. Estas cookies almacenan informaci\u00f3n del comportamiento de los usuarios obtenida a trav\u00e9s de la observaci\u00f3n continuada de sus h\u00e1bitos de navegaci\u00f3n, lo que permite desarrollar un perfil espec\u00edfico para mostrar publicidad en funci\u00f3n del mismo.<\/li><\/ul>\n\n\n\n<p>M\u00e1s informaci\u00f3n sobre las cookies y c\u00f3mo gestionarlas en\u00a0<a href=\"http:\/\/www.aboutcookies.org\/\">http:\/\/www.aboutcookies.org.<\/a><\/p>","protected":false},"excerpt":{"rendered":"<p>Las cookies son fragmentos de informaci\u00f3n que se almacenan en el navegador utilizado por cada usuario para que el servidor recuerde informaci\u00f3n para su uso posterior. Esta informaci\u00f3n permite identificarle como un usuario concreto y guardar sus preferencias personales, as\u00ed como informaci\u00f3n t\u00e9cnica como puedan ser visitas o p\u00e1ginas concretas que visite. Aquellos usuarios que [&hellip;]<\/p>","protected":false},"author":2,"featured_media":0,"parent":0,"menu_order":0,"comment_status":"closed","ping_status":"closed","template":"","meta":{"footnotes":""},"class_list":["post-8211","page","type-page","status-publish","hentry"],"_links":{"self":[{"href":"https:\/\/dpsolutions.es\/en\/wp-json\/wp\/v2\/pages\/8211","targetHints":{"allow":["GET"]}}],"collection":[{"href":"https:\/\/dpsolutions.es\/en\/wp-json\/wp\/v2\/pages"}],"about":[{"href":"https:\/\/dpsolutions.es\/en\/wp-json\/wp\/v2\/types\/page"}],"author":[{"embeddable":true,"href":"https:\/\/dpsolutions.es\/en\/wp-json\/wp\/v2\/users\/2"}],"replies":[{"embeddable":true,"href":"https:\/\/dpsolutions.es\/en\/wp-json\/wp\/v2\/comments?post=8211"}],"version-history":[{"count":1,"href":"https:\/\/dpsolutions.es\/en\/wp-json\/wp\/v2\/pages\/8211\/revisions"}],"predecessor-version":[{"id":8212,"href":"https:\/\/dpsolutions.es\/en\/wp-json\/wp\/v2\/pages\/8211\/revisions\/8212"}],"wp:attachment":[{"href":"https:\/\/dpsolutions.es\/en\/wp-json\/wp\/v2\/media?parent=8211"}],"curies":[{"name":"wp","href":"https:\/\/api.w.org\/{rel}","templated":true}]}}