{"id":7002,"date":"2021-08-31T07:34:09","date_gmt":"2021-08-31T05:34:09","guid":{"rendered":"http:\/\/dpsolutions.es\/?page_id=7002"},"modified":"2023-03-30T09:58:40","modified_gmt":"2023-03-30T07:58:40","slug":"privacidad","status":"publish","type":"page","link":"https:\/\/dpsolutions.es\/en\/privacidad\/","title":{"rendered":"Privacy policy"},"content":{"rendered":"<p>La presente Pol\u00edtica de Privacidad establece los t\u00e9rminos en que DESIGN PROJECTS AND SOLUTIONS SL con CIF : B88526595 usa y protege la informaci\u00f3n que es proporcionada por sus usuarios al momento de utilizar su sitio web. Esta compa\u00f1\u00eda est\u00e1 comprometida con la seguridad de los datos de sus usuarios. Cuando le pedimos llenar los campos de informaci\u00f3n personal con la cual usted pueda ser identificado, lo hacemos asegurando que s\u00f3lo se emplear\u00e1 de acuerdo con los t\u00e9rminos de este documento. Sin embargo esta Pol\u00edtica de Privacidad puede cambiar con el tiempo o ser actualizada por lo que le recomendamos y enfatizamos revisar continuamente esta p\u00e1gina para asegurarse que est\u00e1 de acuerdo con dichos cambios.<\/p>\n\n\n\n<p><strong>Derechos de los usuarios<\/strong><br>Le informamos que podr\u00e1 ejercer los derechos de acceso, rectificaci\u00f3n, limitaci\u00f3n del tratamiento, oposici\u00f3n y portabilidad con arreglo a lo previsto en Reglamento 2016\/679 del 27 de Abril de Protecci\u00f3n de Datos de Car\u00e1cter Personal y la Ley Org\u00e1nica 3\/2018, de 5 de diciembre, de protecci\u00f3n de datos personales y garant\u00eda de los derechos digitales (LOPDGDD 3\/2018) y siguiendo las Recomendaciones e Instrucciones emitidas por la Agencia Espa\u00f1ola de Protecci\u00f3n de Datos (A.E.P.D), enviando un mail a info@dpsolutions.es, o una carta junto con la fotocopia de su DNI, a la siguiente direcci\u00f3n: Carretera M-111 (Paracuellos &#8211; Belvis) n\u00ba 700 Granja &#8211; El Cruce \u2013 (Paracuellos de Jarama) \u2013 [Madrid].<\/p>\n\n\n\n<p><strong>Informaci\u00f3n que es recogida<br><\/strong>Nuestro sitio web podr\u00e1 recoger informaci\u00f3n personal por ejemplo: Nombre, informaci\u00f3n de contacto como su direcci\u00f3n de correo electr\u00f3nica e informaci\u00f3n demogr\u00e1fica. As\u00ed mismo cuando sea necesario podr\u00e1 ser requerida informaci\u00f3n espec\u00edfica para procesar alg\u00fan pedido o realizar una entrega o facturaci\u00f3n.<\/p>\n\n\n\n<p><strong>Uso de la informaci\u00f3n recogida<br><\/strong>Nuestro sitio web emplea la informaci\u00f3n con el fin de proporcionar el mejor servicio posible, particularmente para mantener un registro de usuarios, de pedidos en caso que aplique, y mejorar nuestros productos y servicios. Es posible que sean enviados correos electr\u00f3nicos peri\u00f3dicamente a trav\u00e9s de nuestro sitio con ofertas especiales, nuevos productos y otra informaci\u00f3n publicitaria que consideremos relevante para usted o que pueda brindarle alg\u00fan beneficio, estos correos electr\u00f3nicos ser\u00e1n enviados a la direcci\u00f3n que usted proporcione y podr\u00e1n ser cancelados en cualquier momento.<\/p>\n\n\n\n<p>DESIGN PROJECTS AND SOLUTIONS SL SL est\u00e1 altamente comprometido para cumplir con el compromiso de mantener su informaci\u00f3n segura. Usamos los sistemas m\u00e1s avanzados y los actualizamos constantemente para asegurarnos que no exista ning\u00fan acceso no autorizado.<\/p>\n\n\n\n<p><strong>Cookies<br><\/strong>Una cookie se refiere a un fichero que es enviado con la finalidad de solicitar permiso para almacenarse en su ordenador, al aceptar dicho fichero se crea y la cookie sirve entonces para tener informaci\u00f3n respecto al tr\u00e1fico web, y tambi\u00e9n facilita las futuras visitas a una web recurrente. Otra funci\u00f3n que tienen las cookies es que con ellas las web pueden reconocerte individualmente y por tanto brindarte el mejor servicio personalizado de su web.<\/p>\n\n\n\n<p>El sitio web de DESIGN PROJECTS AND SOLUTIONS SL utiliza cookies para poder identificar las p\u00e1ginas que son visitadas y su frecuencia. Esta informaci\u00f3n es empleada \u00fanicamente para an\u00e1lisis estad\u00edstico y despu\u00e9s la informaci\u00f3n se elimina de forma permanente. Usted puede eliminar las cookies en cualquier momento desde su ordenador. Sin embargo las cookies ayudan a proporcionar un mejor servicio de los sitios web, est\u00e1s no dan acceso a informaci\u00f3n de su ordenador ni de usted, a menos de que usted as\u00ed lo quiera y la proporcione directamente, visitas a una web. Usted puede aceptar o negar el uso de cookies, sin embargo la mayor\u00eda de navegadores aceptan cookies autom\u00e1ticamente pues sirve para tener un mejor servicio web. Tambi\u00e9n usted puede cambiar la configuraci\u00f3n de su ordenador para declinar las cookies. Si se declinan es posible que no pueda utilizar algunos de nuestros servicios.<\/p>\n\n\n\n<p><strong>Enlaces a Terceros y Redes Sociales<br><\/strong>Este sitio web pudiera contener enlaces a otros sitios que pudieran ser de su inter\u00e9s. Una vez que usted de clic en estos enlaces y abandone nuestra p\u00e1gina, ya no tenemos control sobre al sitio al que es redirigido y por lo tanto no somos responsables de los t\u00e9rminos o privacidad ni de la protecci\u00f3n de sus datos en esos otros sitios terceros. Dichos sitios est\u00e1n sujetos a sus propias pol\u00edticas de privacidad por lo cual es recomendable que los consulte para confirmar que usted est\u00e1 de acuerdo con estas.<\/p>\n\n\n\n<p><strong>Control de su informaci\u00f3n personal<br><\/strong>En cualquier momento usted puede restringir la recopilaci\u00f3n o el uso de la informaci\u00f3n personal que es proporcionada a nuestro sitio web. Cada vez que se le solicite rellenar un formulario, como el de alta de usuario, puede marcar o desmarcar la opci\u00f3n de recibir informaci\u00f3n por correo electr\u00f3nico. En caso de que haya marcado la opci\u00f3n de recibir nuestro bolet\u00edn o publicidad usted puede cancelarla en cualquier momento.<\/p>\n\n\n\n<p>Esta compa\u00f1\u00eda no vender\u00e1, ceder\u00e1 ni distribuir\u00e1 la informaci\u00f3n personal que es recopilada sin su consentimiento, salvo que sea requerido por un juez con un orden judicial.<\/p>\n\n\n\n<p>EXCENA PRODUCCIONES AUDIOVISUALES SL se reserva el derecho de cambiar los t\u00e9rminos de la presente Pol\u00edtica de Privacidad en cualquier momento.<\/p>\n\n\n\n<p><strong>AVISO LEGAL<br><\/strong>La titularidad de este sitio web, , (en adelante Sitio Web) la ostenta: DESIGN PROJECTS AND SOLUTIONS SL, provista de NIF: B88526595 domiciliada en: Carretera M-111 (Paracuellos &#8211; Belvis) n\u00ba 700 Granja &#8211; El Cruce \u2013 (Paracuellos de Jarama) \u2013 [Madrid], no puede asumir ninguna responsabilidad derivada del uso incorrecto, inapropiado o il\u00edcito de la informaci\u00f3n aparecida en la p\u00e1gina.<\/p>\n\n\n\n<p>Con los l\u00edmites establecidos en la ley, DESIGN PROJECTS AND SOLUTIONS SL no asume ninguna responsabilidad derivada de la falta de veracidad, integridad, actualizaci\u00f3n y precisi\u00f3n de los datos o informaciones que se contienen en sus p\u00e1ginas de Internet.<\/p>\n\n\n\n<p>Los contenidos e informaci\u00f3n no vinculan a DESIGN PROJECTS AND SOLUTIONS SL ni constituyen opiniones, consejos o asesoramiento legal de ning\u00fan tipo pues se trata meramente de un servicio ofrecido con car\u00e1cter informativo y divulgativo. La p\u00e1gina de Internet puede contener enlaces (links) a otras p\u00e1ginas de terceras partes que no podemos controlar. Por lo tanto, DESIGN PROJECTS AND SOLUTIONS SL no puede asumir responsabilidades por el contenido que pueda aparecer en p\u00e1ginas de terceros. Los textos, im\u00e1genes, sonidos, animaciones, software y el resto de contenidos incluidos en este website son propiedad exclusiva de DESIGN PROJECTS AND SOLUTIONS SL o sus licenciantes. Cualquier acto de transmisi\u00f3n, distribuci\u00f3n, cesi\u00f3n, reproducci\u00f3n, almacenamiento, comunicaci\u00f3n p\u00fablica total o parcial, debe contar con el consentimiento expreso de DESIGN PROJECTS AND SOLUTIONS SL. Asimismo, para acceder a algunos de los servicios que DESIGN PROJECTS AND SOLUTIONS SL ofrece a trav\u00e9s del website deber\u00e1 proporcionar algunos datos de car\u00e1cter personal. En cumplimiento de lo establecido en el Reglamento (UE) 2016\/679 del Parlamento Europeo y del Consejo, de 27 de abril de 2016, relativo a la protecci\u00f3n de las personas f\u00edsicas en lo que respecta al tratamiento de datos personales y a la libre circulaci\u00f3n de estos datos le informamos que, mediante la cumplimentaci\u00f3n de los presentes formularios, sus datos personales quedar\u00e1n incorporados y ser\u00e1n tratados en los ficheros de DESIGN PROJECTS AND SOLUTIONS SL con el fin de poderle prestar y ofrecer nuestros servicios as\u00ed como para informarle de las mejoras del sitio Web. Asimismo, le informamos de la posibilidad de que ejerza los derechos de acceso, rectificaci\u00f3n, limitaci\u00f3n, portabilidad, oposici\u00f3n y supresi\u00f3n de sus datos de car\u00e1cter personal, manera gratuita mediante email a info@dpsolutions.es o en la direcci\u00f3n Carretera M-111 (Paracuellos &#8211; Belvis) n\u00ba 700 Granja &#8211; El Cruce \u2013 (Paracuellos de Jarama) \u2013 [Madrid].<\/p>","protected":false},"excerpt":{"rendered":"<p>La presente Pol\u00edtica de Privacidad establece los t\u00e9rminos en que DESIGN PROJECTS AND SOLUTIONS SL con CIF : B88526595 usa y protege la informaci\u00f3n que es proporcionada por sus usuarios al momento de utilizar su sitio web. Esta compa\u00f1\u00eda est\u00e1 comprometida con la seguridad de los datos de sus usuarios. Cuando le pedimos llenar los [&hellip;]<\/p>","protected":false},"author":2,"featured_media":0,"parent":0,"menu_order":0,"comment_status":"closed","ping_status":"closed","template":"","meta":{"footnotes":""},"class_list":["post-7002","page","type-page","status-publish","hentry"],"_links":{"self":[{"href":"https:\/\/dpsolutions.es\/en\/wp-json\/wp\/v2\/pages\/7002","targetHints":{"allow":["GET"]}}],"collection":[{"href":"https:\/\/dpsolutions.es\/en\/wp-json\/wp\/v2\/pages"}],"about":[{"href":"https:\/\/dpsolutions.es\/en\/wp-json\/wp\/v2\/types\/page"}],"author":[{"embeddable":true,"href":"https:\/\/dpsolutions.es\/en\/wp-json\/wp\/v2\/users\/2"}],"replies":[{"embeddable":true,"href":"https:\/\/dpsolutions.es\/en\/wp-json\/wp\/v2\/comments?post=7002"}],"version-history":[{"count":6,"href":"https:\/\/dpsolutions.es\/en\/wp-json\/wp\/v2\/pages\/7002\/revisions"}],"predecessor-version":[{"id":8248,"href":"https:\/\/dpsolutions.es\/en\/wp-json\/wp\/v2\/pages\/7002\/revisions\/8248"}],"wp:attachment":[{"href":"https:\/\/dpsolutions.es\/en\/wp-json\/wp\/v2\/media?parent=7002"}],"curies":[{"name":"wp","href":"https:\/\/api.w.org\/{rel}","templated":true}]}}